{"id":111,"date":"2022-12-30T20:27:35","date_gmt":"2022-12-30T20:27:35","guid":{"rendered":"http:\/\/stumbrys.com\/?page_id=111"},"modified":"2023-09-01T19:48:22","modified_gmt":"2023-09-01T19:48:22","slug":"akademine-veikla","status":"publish","type":"page","link":"https:\/\/stumbrys.com\/?page_id=111","title":{"rendered":"Akademin\u0117 veikla"},"content":{"rendered":"\n<h2 class=\"has-text-align-center wp-block-heading\">Mokslini\u0173 interes\u0173 sritys<\/h2>\n\n\n\n<p>S\u0105moningi sapnai, sapnai, s\u0105mon\u0117, s\u0105moningas d\u0117mesingumas (mindfulness), meditacija, transpersonalin\u0117 psichologija, dvasingumas<\/p>\n\n\n\n<h2 class=\"has-text-align-center wp-block-heading\">Pozicijos<\/h2>\n\n\n\n<div style=\"height:20px\" aria-hidden=\"true\" class=\"wp-block-spacer\"><\/div>\n\n\n<div class=\"wp-block-image\">\n<figure class=\"aligncenter size-full is-resized\"><a href=\"https:\/\/www.fsf.vu.lt\/\"><img loading=\"lazy\" decoding=\"async\" src=\"https:\/\/stumbrys.com\/wp-content\/uploads\/2022\/12\/vu-fsf.png\" alt=\"\" class=\"wp-image-113\" width=\"104\" height=\"110\" srcset=\"https:\/\/stumbrys.com\/wp-content\/uploads\/2022\/12\/vu-fsf.png 417w, https:\/\/stumbrys.com\/wp-content\/uploads\/2022\/12\/vu-fsf-284x300.png 284w\" sizes=\"auto, (max-width: 104px) 100vw, 104px\" \/><\/a><\/figure><\/div>\n\n\n<p class=\"has-text-align-center\">Docentas<\/p>\n\n\n\n<p class=\"has-text-align-center\">Psichologijos institutas<\/p>\n\n\n\n<p class=\"has-text-align-center\">Filosofijos fakultetas<\/p>\n\n\n\n<p class=\"has-text-align-center\">Vilniaus universitetas<\/p>\n\n\n\n<div style=\"height:40px\" aria-hidden=\"true\" class=\"wp-block-spacer\"><\/div>\n\n\n<div class=\"wp-block-image\">\n<figure class=\"aligncenter size-full\"><a href=\"https:\/\/www.aleftrust.org\/\"><img loading=\"lazy\" decoding=\"async\" width=\"142\" height=\"123\" src=\"https:\/\/stumbrys.com\/wp-content\/uploads\/2022\/12\/alef-logo.png\" alt=\"\" class=\"wp-image-116\"\/><\/a><\/figure><\/div>\n\n\n<p class=\"has-text-align-center\">Lektorius ir direktoriaus pavaduotojas moksliniams tyrimams<\/p>\n\n\n\n<p class=\"has-text-align-center\">Alef Trust (Jungtin\u0117 Karalyst\u0117)<\/p>\n\n\n\n<p class=\"has-text-align-center\">Magistro programa: S\u0105mon\u0117, dvasingumas ir transpersonalin\u0117 psichologija<\/p>\n\n\n\n<p class=\"has-text-align-center\">Doktorant\u016bros programa: Taikomoji transpersonalin\u0117 psichologija<\/p>\n\n\n\n<p class=\"has-text-align-center\">(partneryst\u0117je su Liverpool John Moores universitetu, Jungtin\u0117 Karalyst\u0117)<\/p>\n","protected":false},"excerpt":{"rendered":"<p>Mokslini\u0173 interes\u0173 sritys S\u0105moningi sapnai, sapnai, s\u0105mon\u0117, s\u0105moningas d\u0117mesingumas (mindfulness), meditacija, transpersonalin\u0117 psichologija, dvasingumas Pozicijos Docentas Psichologijos institutas Filosofijos fakultetas Vilniaus universitetas Lektorius ir direktoriaus&#8230;<\/p>\n<div class=\"more-link-wrapper\"><a class=\"more-link\" href=\"https:\/\/stumbrys.com\/?page_id=111\">Continue reading<span class=\"screen-reader-text\">Akademin\u0117 veikla<\/span><\/a><\/div>\n","protected":false},"author":2,"featured_media":0,"parent":0,"menu_order":2,"comment_status":"closed","ping_status":"closed","template":"","meta":{"footnotes":""},"class_list":["post-111","page","type-page","status-publish","hentry","entry"],"_links":{"self":[{"href":"https:\/\/stumbrys.com\/index.php?rest_route=\/wp\/v2\/pages\/111","targetHints":{"allow":["GET"]}}],"collection":[{"href":"https:\/\/stumbrys.com\/index.php?rest_route=\/wp\/v2\/pages"}],"about":[{"href":"https:\/\/stumbrys.com\/index.php?rest_route=\/wp\/v2\/types\/page"}],"author":[{"embeddable":true,"href":"https:\/\/stumbrys.com\/index.php?rest_route=\/wp\/v2\/users\/2"}],"replies":[{"embeddable":true,"href":"https:\/\/stumbrys.com\/index.php?rest_route=%2Fwp%2Fv2%2Fcomments&post=111"}],"version-history":[{"count":12,"href":"https:\/\/stumbrys.com\/index.php?rest_route=\/wp\/v2\/pages\/111\/revisions"}],"predecessor-version":[{"id":224,"href":"https:\/\/stumbrys.com\/index.php?rest_route=\/wp\/v2\/pages\/111\/revisions\/224"}],"wp:attachment":[{"href":"https:\/\/stumbrys.com\/index.php?rest_route=%2Fwp%2Fv2%2Fmedia&parent=111"}],"curies":[{"name":"wp","href":"https:\/\/api.w.org\/{rel}","templated":true}]}}