{"id":164,"date":"2023-01-02T10:57:40","date_gmt":"2023-01-02T10:57:40","guid":{"rendered":"https:\/\/stumbrys.com\/?page_id=164"},"modified":"2023-01-02T11:00:21","modified_gmt":"2023-01-02T11:00:21","slug":"moksliniai-tyrimai","status":"publish","type":"page","link":"https:\/\/stumbrys.com\/?page_id=164","title":{"rendered":"Moksliniai tyrimai"},"content":{"rendered":"\n<p>Mano moksliniai tyrimai daugiausiai yra susij\u0119 su unikalia s\u0105mon\u0117s b\u016bsena &#8211; s\u0105moningu sapnavimu. S\u0105moninguose sapnuose sapnuojantieji suvokia, kad sapnuoja, ir gali s\u0105moningai \u012ftakoti \u0161i\u0173 sapn\u0173 turin\u012f. Kadangi aki\u0173 judesiai sapne sutampa su tikrais fizini\u0173 aki\u0173 judesiais, s\u0105moning\u0105 sapnavim\u0105 galima patikrinti miego laboratorijoje, naudojant sutart\u0105 aki\u0173 signal\u0105.<\/p>\n\n\n\n<p>Savo tyrimuose a\u0161 siekiu suprasti s\u0105moningo sapnavimo patyriminius aspektus, sapn\u0173 pasaulio prigimt\u012f ir d\u0117snius, sapn\u0173 pasaulio \u201cgyventojus\u201c (sapn\u0173 persona\u017eus) ir j\u0173 psichologij\u0105. A\u0161 tyrin\u0117ju s\u0105moning\u0173 sapn\u0173 taikymo galimybes saviugdai ir vidiniam augimui, \u012ftraukiant k\u016brybi\u0161k\u0105 problem\u0173 sprendim\u0105, fizini\u0173 \u012fg\u016bd\u017ei\u0173 lavinim\u0105, psichologin\u012f ir fizin\u012f gijim\u0105, s\u0105moningumo ugdym\u0105, dvasin\u012f augim\u0105. Mane taip pat domina b\u016bdai, kaip s\u0105moningas sapnavimas gali b\u016bti paskatintas, kad \u0161i unikali ir praturtinanti patirtis tapt\u0173 kuo pla\u010diau prieinama.<\/p>\n","protected":false},"excerpt":{"rendered":"<p>Mano moksliniai tyrimai daugiausiai yra susij\u0119 su unikalia s\u0105mon\u0117s b\u016bsena &#8211; s\u0105moningu sapnavimu. S\u0105moninguose sapnuose sapnuojantieji suvokia, kad sapnuoja, ir gali s\u0105moningai \u012ftakoti \u0161i\u0173 sapn\u0173&#8230;<\/p>\n<div class=\"more-link-wrapper\"><a class=\"more-link\" href=\"https:\/\/stumbrys.com\/?page_id=164\">Continue reading<span class=\"screen-reader-text\">Moksliniai tyrimai<\/span><\/a><\/div>\n","protected":false},"author":1,"featured_media":0,"parent":0,"menu_order":3,"comment_status":"closed","ping_status":"closed","template":"","meta":{"footnotes":""},"class_list":["post-164","page","type-page","status-publish","hentry","entry"],"_links":{"self":[{"href":"https:\/\/stumbrys.com\/index.php?rest_route=\/wp\/v2\/pages\/164","targetHints":{"allow":["GET"]}}],"collection":[{"href":"https:\/\/stumbrys.com\/index.php?rest_route=\/wp\/v2\/pages"}],"about":[{"href":"https:\/\/stumbrys.com\/index.php?rest_route=\/wp\/v2\/types\/page"}],"author":[{"embeddable":true,"href":"https:\/\/stumbrys.com\/index.php?rest_route=\/wp\/v2\/users\/1"}],"replies":[{"embeddable":true,"href":"https:\/\/stumbrys.com\/index.php?rest_route=%2Fwp%2Fv2%2Fcomments&post=164"}],"version-history":[{"count":2,"href":"https:\/\/stumbrys.com\/index.php?rest_route=\/wp\/v2\/pages\/164\/revisions"}],"predecessor-version":[{"id":169,"href":"https:\/\/stumbrys.com\/index.php?rest_route=\/wp\/v2\/pages\/164\/revisions\/169"}],"wp:attachment":[{"href":"https:\/\/stumbrys.com\/index.php?rest_route=%2Fwp%2Fv2%2Fmedia&parent=164"}],"curies":[{"name":"wp","href":"https:\/\/api.w.org\/{rel}","templated":true}]}}