{"id":173,"date":"2023-01-02T13:08:25","date_gmt":"2023-01-02T13:08:25","guid":{"rendered":"https:\/\/stumbrys.com\/?page_id=173"},"modified":"2025-04-08T06:18:03","modified_gmt":"2025-04-08T06:18:03","slug":"ziniasklaidoje","status":"publish","type":"page","link":"https:\/\/stumbrys.com\/?page_id=173","title":{"rendered":"\u017diniasklaidoje"},"content":{"rendered":"\n<h2 class=\"wp-block-heading has-text-align-center\"><strong>Straipsniai spaudoje<\/strong><\/h2>\n\n\n\n<ol reversed class=\"wp-block-list\">\n<li>Miego paraly\u017eius \u2013 akistata su ko\u0161marais (lsveikata.lt, 2025-04-04): <a href=\"https:\/\/lsveikata.lt\/sveika-seima\/miego-paralyzius-akistata-su-kosmarais-17684\">https:\/\/lsveikata.lt\/sveika-seima\/miego-paralyzius-akistata-su-kosmarais-17684<\/a><\/li>\n\n\n\n<li>Sapn\u0173 tyr\u0117jas T.&nbsp;Stumbrys: \u201eTik\u0117tina, kad sapne puolantys monstrai yra m\u016bs\u0173 asmenyb\u0117s dalys\u201c (Bernardinai.lt, 2024-12-11): <a href=\"https:\/\/www.bernardinai.lt\/sapnu-tyrejas-t-stumbrys-tiketina-kad-sapne-puolantys-monstrai-yra-musu-asmenybes-dalys\/?fbclid=IwY2xjawHSbCxleHRuA2FlbQIxMQABHaw26sDIBuJBqRyv8peZXthv1c-FTnWe8FErhwot34GF1tjpj4FYQBB7eg_aem_7Y1DQPH71IVO-S0rZvPdLQ\">https:\/\/www.bernardinai.lt\/sapnu-tyrejas-t-stumbrys-tiketina-kad-sapne-puolantys-monstrai-yra-musu-asmenybes-dalys\/<\/a><\/li>\n\n\n\n<li>Sapn\u0173 tyr\u0117jas T.Stumbrys \u2013 apie tai, kaip kontroliuoti sapnus ir  kokia j\u0173 paskirtis (15 min.lt, 2024-11-16): <a rel=\"noreferrer noopener\" href=\"https:\/\/www.15min.lt\/verslas\/naujiena\/mokslas-it\/sapnu-tyrejas-t-stumbrys-apie-tai-kaip-kontroliuoti-sapnus-ir-kokia-ju-paskirtis-1290-2342874\" target=\"_blank\">https:\/\/www.15min.lt\/verslas\/naujiena\/mokslas-it\/sapnu-tyrejas-t-stumbrys-apie-tai-kaip-kontroliuoti-sapnus-ir-kokia-ju-paskirtis-1290-2342874<\/a><\/li>\n\n\n\n<li>Kaip valdyti sapnus: mokslininkas pasak\u0117 kelis triukus, kurie pad\u0117s sapnuose daryti k\u0105 tik nori (Delfi.lt, 2024-11-16): <a rel=\"noreferrer noopener\" href=\"https:\/\/www.delfi.lt\/projektai\/miegas-nemiega\/kaip-valdyti-sapnus-mokslininkas-pasake-kelis-triukus-kurie-pades-sapnuose-daryti-ka-tik-nori-120062962\" target=\"_blank\">https:\/\/www.delfi.lt\/projektai\/miegas-nemiega\/kaip-valdyti-sapnus-mokslininkas-pasake-kelis-triukus-kurie-pades-sapnuose-daryti-ka-tik-nori-120062962<\/a><\/li>\n\n\n\n<li>S\u0105moningas sapnas \u2013 tai m\u016bs\u0173 s\u0105moningo ir pas\u0105moningo proto \u0161okis (&#8220;Psichologija Tau&#8221;, 2024 lapkritis-gruodis)<\/li>\n\n\n\n<li>\u201e\u017dmogus ai\u0161kiai suvokia aplink\u0105, bet negali jud\u0117ti ir kalb\u0117ti\u201c: kas yra miego paraly\u017eius ir kada jis i\u0161tinka? (15min.lt, 2024-10-21): <a href=\"https:\/\/www.15min.lt\/verslas\/naujiena\/mokslas-it\/zmogus-aiskiai-suvokia-aplinka-bet-negali-judeti-ir-kalbeti-kas-yra-miego-paralyzius-ir-kada-jis-istinka-1290-2328684\" target=\"_blank\" rel=\"noreferrer noopener\">https:\/\/www.15min.lt\/verslas\/naujiena\/mokslas-it\/zmogus-aiskiai-suvokia-aplinka-bet-negali-judeti-ir-kalbeti-kas-yra-miego-paralyzius-ir-kada-jis-istinka-1290-2328684<\/a><\/li>\n\n\n\n<li>Mokslas apie mieg\u0105: kaip \u012fvaldyti savo sapnus ir k\u0105 daryti pajutus miego paraly\u017ei\u0173? (15min.lt, 2023-05-20): <a rel=\"noreferrer noopener\" href=\"https:\/\/www.15min.lt\/verslas\/naujiena\/mokslas-it\/mokslas-apie-miega-kaip-ivaldyti-savo-sapnus-ir-ka-daryti-pajutus-miego-paralyziu-1290-2054502\" target=\"_blank\">https:\/\/www.15min.lt\/verslas\/naujiena\/mokslas-it\/mokslas-apie-miega-kaip-ivaldyti-savo-sapnus-ir-ka-daryti-pajutus-miego-paralyziu-1290-2054502<\/a><\/li>\n\n\n\n<li>Sapnus tyrin\u0117jantis VU psichologas: i\u0161 j\u0173 galime i\u0161pe\u0161ti sau naudos (\u201eLietuvos ryto\u201c \u017eurnalas \u201eSavaitgalis\u201c, 2022-08-13):  <a rel=\"noreferrer noopener\" href=\"https:\/\/www.lrytas.lt\/gyvenimo-budas\/psichologija\/2022\/08\/13\/news\/sapnus-tyrinejantis-vu-psichologas-is-ju-galime-ispesti-sau-naudos-24159856\" target=\"_blank\">https:\/\/www.lrytas.lt\/gyvenimo-budas\/psichologija\/2022\/08\/13\/news\/sapnus-tyrinejantis-vu-psichologas-is-ju-galime-ispesti-sau-naudos-24159856<\/a><\/li>\n\n\n\n<li>Mokslininkas Tadas Stumbrys atsak\u0117, kaip i\u0161moko valdyti savo sapnus: tai pakeit\u0117 mano gyvenim\u0105 (Delfi.lt, 2022-08-01): <a href=\"https:\/\/www.delfi.lt\/login\/progresas\/mokslas\/mokslininkas-tadas-stumbrys-atsake-kaip-ismoko-valdyti-savo-sapnus-tai-pakeite-mano-gyvenima.d?id=90825077\" target=\"_blank\" rel=\"noreferrer noopener\">https:\/\/www.delfi.lt\/login\/progresas\/mokslas\/mokslininkas-tadas-stumbrys-atsake-kaip-ismoko-valdyti-savo-sapnus-tai-pakeite-mano-gyvenima.d?id=90825077<\/a><\/li>\n\n\n\n<li>I\u0161mokite kontroliuoti savo sapnus: tyr\u0117jas i\u0161dav\u0117, kaip tai padaryti (TV3.lt, 2022-01-23): <a href=\"https:\/\/www.tv3.lt\/naujiena\/gyvenimas\/ismokite-kontroliuoti-savo-sapnus-tyrejas-isdave-kaip-tai-padaryti-n1133665\" target=\"_blank\" rel=\"noreferrer noopener\">https:\/\/www.tv3.lt\/naujiena\/gyvenimas\/ismokite-kontroliuoti-savo-sapnus-tyrejas-isdave-kaip-tai-padaryti-n1133665<\/a><\/li>\n\n\n\n<li>Gilyn \u012f sapn\u0173 pasaul\u012f: lietuvi\u0173 mokslininkas paai\u0161kino, kod\u0117l sapnuojame ir k\u0105 tai gali reik\u0161ti (LRT.lt, 2021-10-15): &nbsp;<a rel=\"noreferrer noopener\" href=\"https:\/\/www.lrt.lt\/naujienos\/mokslas-ir-it\/11\/1518537\/gilyn-i-sapnu-pasauli-lietuviu-mokslininkas-paaiskino-kodel-sapnuojame-ir-ka-tai-gali-reiksti\" target=\"_blank\">https:\/\/www.lrt.lt\/naujienos\/mokslas-ir-it\/11\/1518537\/gilyn-i-sapnu-pasauli-lietuviu-mokslininkas-paaiskino-kodel-sapnuojame-ir-ka-tai-gali-reiksti<\/a><\/li>\n\n\n\n<li>Mokslininkas praskleid\u0117 \u0161yd\u0105 nuo paslaptingo sapn\u0173 pasaulio: kod\u0117l sapnuojame, k\u0105 sapnai apie mus pasako ir kaip jiems padaryti \u012ftak\u0105? (\u201eDelfi\u201c, 2021-04-09):&nbsp;<a href=\"https:\/\/www.delfi.lt\/moterys\/naudinga\/mokslininkas-praskleide-syda-nuo-paslaptingo-sapnu-pasaulio-kodel-sapnuojame-ka-sapnai-apie-mus-pasako-ir-kaip-jiems-padaryti-itaka.d?id=86939589\" target=\"_blank\" rel=\"noreferrer noopener\">https:\/\/www.delfi.lt\/moterys\/naudinga\/mokslininkas-praskleide-syda-nuo-paslaptingo-sapnu-pasaulio-kodel-sapnuojame-ka-sapnai-apie-mus-pasako-ir-kaip-jiems-padaryti-itaka.d?id=86939589<\/a><\/li>\n\n\n\n<li>Sapn\u0173 realyb\u0117 (\u201ePanev\u0117\u017eio balsas\u201c, 2020-11-16)<\/li>\n\n\n\n<li>Sapnuose kaip \u017eaidimuose \u2013 simuliuojame realyb\u0119 ir i\u0161bandome socialini\u0173 gr\u0117smi\u0173 scenarijus (\u201eSpectrum\u201c, VU mokslo populiarinimo \u017eurnalas, 2020-10-01):&nbsp;<a href=\"https:\/\/naujienos.vu.lt\/naujajame-spectrum-numeryje-apie-kosmoso-tyrimus-mokslo-ir-verslo-tikslais\/\">https:\/\/naujienos.vu.lt\/naujajame-spectrum-numeryje-apie-kosmoso-tyrimus-mokslo-ir-verslo-tikslais\/<\/a><\/li>\n\n\n\n<li>Sapnai leid\u017eia susipa\u017einti su savimi (\u201eSavait\u0117\u201c, 2020-10-01)<\/li>\n\n\n\n<li>U\u017esakytas sapnas: Ar \u012fmanoma valdyti sapnus? (\u201ePsichologija Tau\u201c, 2020 rugs\u0117jis-spalis):&nbsp;<a href=\"https:\/\/www.psichologijatau.lt\/uzsakytas-sapnas-ar-imanoma-valdyti-sapnus\/\" target=\"_blank\" rel=\"noreferrer noopener\">https:\/\/www.psichologijatau.lt\/uzsakytas-sapnas-ar-imanoma-valdyti-sapnus\/<\/a><\/li>\n\n\n\n<li>Apie sapn\u0173 keistenybes \u2013 ne i\u0161 sapnininko, o i\u0161 moksl\u0173 daktaro: atsak\u0117 \u012f daugel\u012f dominan\u010dius klausimus (\u201eDelfi\u201c, 2020-02-02): &nbsp;<a rel=\"noreferrer noopener\" href=\"https:\/\/www.delfi.lt\/sveikata\/sveikas-kunas\/apie-sapnu-keistenybes-ne-is-sapnininko-o-is-mokslu-daktaro-atsake-i-daugeli-dominancius-klausimus.d?id=83362599\" target=\"_blank\">https:\/\/www.delfi.lt\/sveikata\/sveikas-kunas\/apie-sapnu-keistenybes-ne-is-sapnininko-o-is-mokslu-daktaro-atsake-i-daugeli-dominancius-klausimus.d?id=83362599<\/a><\/li>\n\n\n\n<li>S\u0105moningi sapnai: tikrovi\u0161ka realyb\u0117s simuliacija (\u201eLietuvos \u017einios\u201c, 2019-01-30):&nbsp;<a href=\"https:\/\/www.lzinios.lt\/Mokslas-ir-svietimas\/samoningi-sapnai-tikroviska-realybes-simuliacija\/280929\" target=\"_blank\" rel=\"noreferrer noopener\">https:\/\/www.lzinios.lt\/Mokslas-ir-svietimas\/samoningi-sapnai-tikroviska-realybes-simuliacija\/280929<\/a><\/li>\n\n\n\n<li>Psichologas: s\u0105moningas sapnavimas padeda i\u0161siugdyti nauj\u0173 \u012fg\u016bd\u017ei\u0173 ir spr\u0119sti problemas (\u201eTV3.lt\u201c, 2015-07-14): &nbsp;<a rel=\"noreferrer noopener\" href=\"http:\/\/www.tv3.lt\/naujiena\/840030\/psichologas-samoningas-sapnavimas-padeda-issiugdyti-nauju-igudziu-ir-spresti-problemas\" target=\"_blank\">http:\/\/www.tv3.lt\/naujiena\/840030\/psichologas-samoningas-sapnavimas-padeda-issiugdyti-nauju-igudziu-ir-spresti-problemas<\/a><\/li>\n\n\n\n<li>S\u0105moningas sapnavimas: kaip to i\u0161mokti ir kokie nuotykiai bei galimyb\u0117s laukia (\u201eDelfi\u201c, 2015-04-21):&nbsp; <a rel=\"noreferrer noopener\" href=\"http:\/\/www.delfi.lt\/mokslas\/mokslas\/samoningas-sapnavimas-kaip-to-ismokti-ir-kokie-nuotykiai-bei-galimybes-laukia.d?id=67770034#ixzz3ZHDPnogD\" target=\"_blank\">http:\/\/www.delfi.lt\/mokslas\/mokslas\/samoningas-sapnavimas-kaip-to-ismokti-ir-kokie-nuotykiai-bei-galimybes-laukia.d?id=67770034#ixzz3ZHDPnogD<\/a><\/li>\n\n\n\n<li>Sapnus \u012fvald\u017eiusi\u0173 \u017emoni\u0173 patirtys: k\u0105 galima i\u0161gyventi sapnuojant (\u201eDelfi\u201c, 2014-02-08):&nbsp;<a href=\"http:\/\/www.delfi.lt\/sveikata\/sveikatos-naujienos\/sapnus-ivaldziusiu-zmoniu-patirtys-ka-galima-isgyventi-sapnuojant.d?id=63710004#ixzz3ZHDfQjCP\" target=\"_blank\" rel=\"noreferrer noopener\">http:\/\/www.delfi.lt\/sveikata\/sveikatos-naujienos\/sapnus-ivaldziusiu-zmoniu-patirtys-ka-galima-isgyventi-sapnuojant.d?id=63710004#ixzz3ZHDfQjCP<\/a><\/li>\n<\/ol>\n\n\n\n<h2 class=\"wp-block-heading has-text-align-center\"><strong>Radijo ir televizijos laidos<\/strong><\/h2>\n\n\n\n<ol reversed class=\"wp-block-list\">\n<li>LRT Televizija, laida &#8220;Laba rytas, Lietuva&#8221;, 2024-11-23, <a href=\"https:\/\/www.lrt.lt\/mediateka\/irasas\/2000376263\/labas-rytas-lietuva-i-d\">https:\/\/www.lrt.lt\/mediateka\/irasas\/2000376263\/labas-rytas-lietuva-i-d<\/a><\/li>\n\n\n\n<li>LRT Televizija, laida &#8220;Laba diena, Lietuva&#8221;, 2024-10-24, <a rel=\"noreferrer noopener\" href=\"https:\/\/www.lrt.lt\/mediateka\/irasas\/2000369748\/miego-paralyziu-patiria-kas-trecias-kaip-atpazinti-ir-padeti-sau\" target=\"_blank\">https:\/\/www.lrt.lt\/mediateka\/irasas\/2000369748\/miego-paralyziu-patiria-kas-trecias-kaip-atpazinti-ir-padeti-sau<\/a><\/li>\n\n\n\n<li>LRT Radijas, laida &#8220;10-12&#8221;, 2024-10-07, <a href=\"https:\/\/www.lrt.lt\/mediateka\/irasas\/2000364886\/kaip-valgyti-skaniai-ir-sveikai\" target=\"_blank\" rel=\"noreferrer noopener\">https:\/\/www.lrt.lt\/mediateka\/irasas\/2000364886\/kaip-valgyti-skaniai-ir-sveikai<\/a><\/li>\n\n\n\n<li>LRT Radijas, laida &#8220;Vasaros popiet\u0117&#8221;, 2024-07-16, <a href=\"https:\/\/www.lrt.lt\/mediateka\/irasas\/2000351048\/ar-imanoma-tobuleti-sapnuojant\" target=\"_blank\" rel=\"noreferrer noopener\">https:\/\/www.lrt.lt\/mediateka\/irasas\/2000351048\/ar-imanoma-tobuleti-sapnuojant<\/a><\/li>\n\n\n\n<li>LRT Radijas, laida &#8220;\u010cia ir dabar&#8221;, 2024-04-09, <a rel=\"noreferrer noopener\" href=\"https:\/\/www.lrt.lt\/mediateka\/irasas\/2000334368\/kokia-sapnu-analize-gali-padeti-suprasti-save-sveikti-po-isgyvenimu-su-psichoterapeute-daiva-zukauskiene-ir-mokslininku-tadu-stumbriu\" target=\"_blank\">https:\/\/www.lrt.lt\/mediateka\/irasas\/2000334368\/kokia-sapnu-analize-gali-padeti-suprasti-save-sveikti-po-isgyvenimu-su-psichoterapeute-daiva-zukauskiene-ir-mokslininku-tadu-stumbriu<\/a><\/li>\n\n\n\n<li>LRT Televizija, laida \u201eLabas rytas, Lietuva\u201c, 2024-01-27, <a href=\"https:\/\/www.lrt.lt\/mediateka\/irasas\/2000317080\/psichologas-apie-miega-ir-kodel-sapnuojame-sapnai-tai-tam-tikra-improvizacija\">https:\/\/www.lrt.lt\/mediateka\/irasas\/2000317080\/psichologas-apie-miega-ir-kodel-sapnuojame-sapnai-tai-tam-tikra-improvizacija<\/a> <\/li>\n\n\n\n<li>LRT Radijas, laida &#8220;Minties eksperimentai&#8221;, 2023-10-03, <a rel=\"noreferrer noopener\" href=\"https:\/\/www.lrt.lt\/mediateka\/irasas\/2000297017\/minties-eksperimentai-zmogaus-samone-viena-didziausiu-mokslo-paslapciu-kas-jeigu-zinotume-kodel-esame-samoningi\" target=\"_blank\">https:\/\/www.lrt.lt\/mediateka\/irasas\/2000297017\/minties-eksperimentai-zmogaus-samone-viena-didziausiu-mokslo-paslapciu-kas-jeigu-zinotume-kodel-esame-samoningi<\/a><\/li>\n\n\n\n<li>LRT Klasika, laida \u201eRyto allegro\u201c, 2022-09-30, <a rel=\"noreferrer noopener\" href=\"https:\/\/www.lrt.lt\/mediateka\/irasas\/2000235569\/ryto-allegro-vertejas-marius-burokas-ukrainieciu-poezija-zymiai-paveikesne-uz-daugybe-karo-kroniku\" target=\"_blank\">https:\/\/www.lrt.lt\/mediateka\/irasas\/2000235569\/ryto-allegro-vertejas-marius-burokas-ukrainieciu-poezija-zymiai-paveikesne-uz-daugybe-karo-kroniku<\/a> <\/li>\n\n\n\n<li>M-1 Plius, 2022-07-18<\/li>\n\n\n\n<li>\u017dini\u0173 radijas, laida \u201ePasitikiu mokslu\u201c, 2022-03-10, <a href=\"https:\/\/www.ziniuradijas.lt\/laidos\/pasitikiu-mokslu\/kodel-verta-uzsirasineti-sapnus\" target=\"_blank\" rel=\"noreferrer noopener\">https:\/\/www.ziniuradijas.lt\/laidos\/pasitikiu-mokslu\/kodel-verta-uzsirasineti-sapnus<\/a><\/li>\n\n\n\n<li>LRT Televizija, laida \u201eSmalsumo genas\u201c, 2022-02-19, <a href=\"https:\/\/www.lrt.lt\/mediateka\/irasas\/2000200422\/smalsumo-genas-samoningu-sapnu-galia-ir-filosofu-bei-psichoterapeutu-santykis\" target=\"_blank\" rel=\"noreferrer noopener\">https:\/\/www.lrt.lt\/mediateka\/irasas\/2000200422\/smalsumo-genas-samoningu-sapnu-galia-ir-filosofu-bei-psichoterapeutu-santykis<\/a><\/li>\n\n\n\n<li>LRT Radijas, laida \u201eTuzinas\u201c, 2021-04-26, &nbsp;<a rel=\"noreferrer noopener\" href=\"https:\/\/www.lrt.lt\/mediateka\/irasas\/2000149449\/tuzinas-sapnu-tyrinetojas-tadas-stumbrys-sapnai-yra-vidine-terapija\" target=\"_blank\">https:\/\/www.lrt.lt\/mediateka\/irasas\/2000149449\/tuzinas-sapnu-tyrinetojas-tadas-stumbrys-sapnai-yra-vidine-terapija<\/a><\/li>\n\n\n\n<li>LRT Televizija, laida \u201eLabas rytas, Lietuva\u201c, 2021-04-17,&nbsp;<a href=\"https:\/\/www.lrt.lt\/mediateka\/irasas\/2000148532\/psichologas-apie-sapnus-tai-virtuali-realybe-kurioje-simuliuojami-ivairus-scenarijai\" target=\"_blank\" rel=\"noreferrer noopener\">https:\/\/www.lrt.lt\/mediateka\/irasas\/2000148532\/psichologas-apie-sapnus-tai-virtuali-realybe-kurioje-simuliuojami-ivairus-scenarijai<\/a><\/li>\n\n\n\n<li>\u017dini\u0173 radijas, laida \u201eAteitis priklauso tiems\u201c, 2021-02-11, S\u0105moningas sapnavimas \u2013 tai \u017eaidimas ar kita realyb\u0117? &nbsp;<a href=\"https:\/\/www.ziniuradijas.lt\/laidos\/ateitis-priklauso-tiems\/samoningas-sapnavimas-tai-zaidimas-ar-kita-realybe\">https:\/\/www.ziniuradijas.lt\/laidos\/ateitis-priklauso-tiems\/samoningas-sapnavimas-tai-zaidimas-ar-kita-realybe<\/a><\/li>\n\n\n\n<li>\u017dini\u0173 radijas, laida \u201eAteitis priklauso tiems\u201c, 2021-02-04, Kaip tyrin\u0117jami sapnai?&nbsp;<a href=\"https:\/\/www.ziniuradijas.lt\/laidos\/ateitis-priklauso-tiems\/kaip-tyrinejami-sapnai?\" target=\"_blank\" rel=\"noreferrer noopener\">https:\/\/www.ziniuradijas.lt\/laidos\/ateitis-priklauso-tiems\/kaip-tyrinejami-sapnai?<\/a><\/li>\n\n\n\n<li>LRT Opus, laida \u201e\u0160veln\u016bs tardymai\u201c, 2021-01-16:&nbsp; <a rel=\"noreferrer noopener\" href=\"https:\/\/www.lrt.lt\/mediateka\/irasas\/2000137151\/svelnus-tardymai-sapnu-tyrejas-tadas-stumbrys-sapnai-yra-musu-vidine-erdve-kurioje-mokomes\" target=\"_blank\">https:\/\/www.lrt.lt\/mediateka\/irasas\/2000137151\/svelnus-tardymai-sapnu-tyrejas-tadas-stumbrys-sapnai-yra-musu-vidine-erdve-kurioje-mokomes<\/a><\/li>\n\n\n\n<li>LRT Klasika, laida \u201eKosmoso departamentas\u201c, 2020-10-23: &nbsp;<a rel=\"noreferrer noopener\" href=\"https:\/\/www.lrt.lt\/mediateka\/irasas\/2000126425\/kosmoso-departamentas-ka-zinome-apie-sapnus\" target=\"_blank\">https:\/\/www.lrt.lt\/mediateka\/irasas\/2000126425\/kosmoso-departamentas-ka-zinome-apie-sapnus<\/a><\/li>\n\n\n\n<li>LRT tinklalaid\u0117 \u201eSavo galva\u201c, 2020-10-21: &nbsp;<a rel=\"noreferrer noopener\" href=\"https:\/\/www.lrt.lt\/mediateka\/irasas\/2000126109\/savo-galva-tadas-stumbrys-mokslinis-poziuris-i-samoninguma-meditacija-ir-samoningus-sapnus\" target=\"_blank\">https:\/\/www.lrt.lt\/mediateka\/irasas\/2000126109\/savo-galva-tadas-stumbrys-mokslinis-poziuris-i-samoninguma-meditacija-ir-samoningus-sapnus<\/a><\/li>\n\n\n\n<li>LRT Radijas, laida \u201eSveikata\u201c, 2020-08-19:&nbsp; <a rel=\"noreferrer noopener\" href=\"https:\/\/www.lrt.lt\/mediateka\/irasas\/2000118689\/sveikata-kas-veikia-musu-odos-bukle-tiek-is-isores-tiek-is-vidaus\" target=\"_blank\">https:\/\/www.lrt.lt\/mediateka\/irasas\/2000118689\/sveikata-kas-veikia-musu-odos-bukle-tiek-is-isores-tiek-is-vidaus<\/a><\/li>\n\n\n\n<li>LRT Radijas, laida \u201ePakartot\u201c, Pokalbis su miego ir sapn\u0173 specialistu Tadu Stumbriu, 2020-04-11: &nbsp;<a rel=\"noreferrer noopener\" href=\"https:\/\/www.lrt.lt\/mediateka\/irasas\/2000101213\/pakartot-pokalbis-su-miego-ir-sapnu-specialistu-tadu-stumbriu\" target=\"_blank\">https:\/\/www.lrt.lt\/mediateka\/irasas\/2000101213\/pakartot-pokalbis-su-miego-ir-sapnu-specialistu-tadu-stumbriu<\/a><\/li>\n\n\n\n<li>TV3.lt Diskusijos, Pokalbis su sapn\u0173 ekspertu T. Stumbriu: ar galime susapnuoti savo ateit\u012f?, 2018-12-20:&nbsp;<a href=\"https:\/\/tvplay.tv3.lt\/tv3-lt-diskusijos\/pokalbis-su-sapnu-ekspertu-t-stumbriu-ar-galime-susapnuoti-savo-ateiti-10302026\/\" target=\"_blank\" rel=\"noreferrer noopener\">https:\/\/tvplay.tv3.lt\/tv3-lt-diskusijos\/pokalbis-su-sapnu-ekspertu-t-stumbriu-ar-galime-susapnuoti-savo-ateiti-10302026\/<\/a><\/li>\n\n\n\n<li>LRT Radijas, laida \u201ePara\u0161t\u0117s\u201c, 2018-12-09: &nbsp;<a rel=\"noreferrer noopener\" href=\"https:\/\/www.lrt.lt\/mediateka\/irasas\/1013708105\/parastes-2018-12-09-22-07\" target=\"_blank\">https:\/\/www.lrt.lt\/mediateka\/irasas\/1013708105\/parastes-2018-12-09-22-07<\/a><\/li>\n\n\n\n<li>LRT Plius, laida \u201eMokslo sriuba\u201c, 2018-11-03:&nbsp; <a rel=\"noreferrer noopener\" href=\"https:\/\/www.lrt.lt\/mediateka\/irasas\/1013705621\/mokslo-sriuba-apie-samoningus-sapnus?fbclid=IwAR24pf4ObrNiTujTgsYRLu7jV_ZDTNoTxcuPqiLAjiWLq8Ac9ud8o5KsmbI#wowzaplaystart=0&amp;wowzaplayduration=960000\" target=\"_blank\">https:\/\/www.lrt.lt\/mediateka\/irasas\/1013705621\/<\/a><\/li>\n\n\n\n<li>\u017dini\u0173 radijas, laida \u201eEkspertai pataria\u201c, 2018-09-24:&nbsp; <a rel=\"noreferrer noopener\" href=\"https:\/\/www.ziniuradijas.lt\/laidos\/ekspertai-pataria\/kiek-zinome-apie-sapnus\" target=\"_blank\">https:\/\/www.ziniuradijas.lt\/laidos\/ekspertai-pataria\/kiek-zinome-apie-sapnus<\/a><\/li>\n\n\n\n<li>Delfi TV Gyvai, Sapnai: k\u0105 jie i\u0161 ties\u0173 pasako apie m\u016bs\u0173 b\u016bkl\u0119?, 2018-06-27:&nbsp; <a rel=\"noreferrer noopener\" href=\"https:\/\/www.delfi.lt\/video\/sveikata-tv\/sapnai-ka-jie-is-tiesu-pasako-apie-musu-bukle.d?id=78424729\" target=\"_blank\">https:\/\/www.delfi.lt\/video\/sveikata-tv\/sapnai-ka-jie-is-tiesu-pasako-apie-musu-bukle.d?id=78424729<\/a><\/li>\n\n\n\n<li>LRT Radijas, laida \u201eRadijo popiet\u0117\u201c, 2018-01-30: &nbsp;<a rel=\"noreferrer noopener\" href=\"http:\/\/www.lrt.lt\/mediateka\/irasas\/1013684131\/radijo-popiete-2018-01-30-14-05\" target=\"_blank\">http:\/\/www.lrt.lt\/mediateka\/irasas\/1013684131\/radijo-popiete-2018-01-30-14-05<\/a><\/li>\n\n\n\n<li>\u017dini\u0173 radijas, laida \u201eEkspertai pataria\u201c, 2016-10-20: &nbsp;<a rel=\"noreferrer noopener\" href=\"http:\/\/www.ziniuradijas.lt\/laidos\/ekspertai-pataria\/samoningas-sapnavimas-kaip-valdyti-sapnus?video=1\" target=\"_blank\">http:\/\/www.ziniuradijas.lt\/laidos\/ekspertai-pataria\/samoningas-sapnavimas-kaip-valdyti-sapnus?video=1<\/a><\/li>\n\n\n\n<li>LRT Opus, laida \u201eBe problem\u0173\u201c, 2015-10-20<\/li>\n\n\n\n<li>LRT Opus, laida \u201eDienos pulsas\u201c, 2015-05-11: &nbsp;<a rel=\"noreferrer noopener\" href=\"http:\/\/www.lrt.lt\/mediateka\/irasas\/1011632856\" target=\"_blank\">http:\/\/www.lrt.lt\/mediateka\/irasas\/1011632856<\/a><\/li>\n\n\n\n<li>LRT Radijas, laida \u201e60 minu\u010di\u0173\u201c, 2015-04-21: &nbsp;<a rel=\"noreferrer noopener\" href=\"http:\/\/lrvab.lrt.lt\/lt\/archive\/21843\/\" target=\"_blank\">http:\/\/lrvab.lrt.lt\/lt\/archive\/21843\/<\/a><\/li>\n\n\n\n<li>\u017dini\u0173 radijas, laida \u201eMano sveikata\u201c, 2014-04-26:&nbsp; <a rel=\"noreferrer noopener\" href=\"http:\/\/www.ziniuradijas.lt\/epizodas\/2014\/04\/26\/mano-sveikata\/32267\" target=\"_blank\">http:\/\/www.ziniuradijas.lt\/epizodas\/2014\/04\/26\/mano-sveikata\/32267<\/a><\/li>\n<\/ol>\n","protected":false},"excerpt":{"rendered":"<p>Straipsniai spaudoje Radijo ir televizijos laidos<\/p>\n","protected":false},"author":1,"featured_media":0,"parent":0,"menu_order":0,"comment_status":"closed","ping_status":"closed","template":"","meta":{"footnotes":""},"class_list":["post-173","page","type-page","status-publish","hentry","entry"],"_links":{"self":[{"href":"https:\/\/stumbrys.com\/index.php?rest_route=\/wp\/v2\/pages\/173","targetHints":{"allow":["GET"]}}],"collection":[{"href":"https:\/\/stumbrys.com\/index.php?rest_route=\/wp\/v2\/pages"}],"about":[{"href":"https:\/\/stumbrys.com\/index.php?rest_route=\/wp\/v2\/types\/page"}],"author":[{"embeddable":true,"href":"https:\/\/stumbrys.com\/index.php?rest_route=\/wp\/v2\/users\/1"}],"replies":[{"embeddable":true,"href":"https:\/\/stumbrys.com\/index.php?rest_route=%2Fwp%2Fv2%2Fcomments&post=173"}],"version-history":[{"count":17,"href":"https:\/\/stumbrys.com\/index.php?rest_route=\/wp\/v2\/pages\/173\/revisions"}],"predecessor-version":[{"id":297,"href":"https:\/\/stumbrys.com\/index.php?rest_route=\/wp\/v2\/pages\/173\/revisions\/297"}],"wp:attachment":[{"href":"https:\/\/stumbrys.com\/index.php?rest_route=%2Fwp%2Fv2%2Fmedia&parent=173"}],"curies":[{"name":"wp","href":"https:\/\/api.w.org\/{rel}","templated":true}]}}